{"id":49,"date":"2026-03-14T09:41:10","date_gmt":"2026-03-14T09:41:10","guid":{"rendered":"https:\/\/zhansen.dk\/?page_id=49"},"modified":"2026-03-16T19:38:44","modified_gmt":"2026-03-16T19:38:44","slug":"feriebilleder","status":"publish","type":"page","link":"https:\/\/zhansen.dk\/","title":{"rendered":"Feriebilleder fra rejser"},"content":{"rendered":"\n<details class=\"wp-block-details is-layout-flow wp-block-details-is-layout-flow\"><summary>Jeg vil med denne side gerne fort\u00e6lle lidt om mine ferierejser og oplevelser p\u00e5 disse. Siden er under opbygning, da jeg er ved at l\u00e6re om WordPress.<\/summary>\n<p><\/p>\n<\/details>\n","protected":false},"excerpt":{"rendered":"","protected":false},"author":1,"featured_media":54,"parent":0,"menu_order":0,"comment_status":"closed","ping_status":"closed","template":"page-templates\/full-width.php","meta":{"footnotes":""},"class_list":["post-49","page","type-page","status-publish","has-post-thumbnail","hentry"],"_links":{"self":[{"href":"https:\/\/zhansen.dk\/index.php\/wp-json\/wp\/v2\/pages\/49","targetHints":{"allow":["GET"]}}],"collection":[{"href":"https:\/\/zhansen.dk\/index.php\/wp-json\/wp\/v2\/pages"}],"about":[{"href":"https:\/\/zhansen.dk\/index.php\/wp-json\/wp\/v2\/types\/page"}],"author":[{"embeddable":true,"href":"https:\/\/zhansen.dk\/index.php\/wp-json\/wp\/v2\/users\/1"}],"replies":[{"embeddable":true,"href":"https:\/\/zhansen.dk\/index.php\/wp-json\/wp\/v2\/comments?post=49"}],"version-history":[{"count":8,"href":"https:\/\/zhansen.dk\/index.php\/wp-json\/wp\/v2\/pages\/49\/revisions"}],"predecessor-version":[{"id":87,"href":"https:\/\/zhansen.dk\/index.php\/wp-json\/wp\/v2\/pages\/49\/revisions\/87"}],"wp:featuredmedia":[{"embeddable":true,"href":"https:\/\/zhansen.dk\/index.php\/wp-json\/wp\/v2\/media\/54"}],"wp:attachment":[{"href":"https:\/\/zhansen.dk\/index.php\/wp-json\/wp\/v2\/media?parent=49"}],"curies":[{"name":"wp","href":"https:\/\/api.w.org\/{rel}","templated":true}]}}